{"id":13,"date":"2020-05-29T14:09:48","date_gmt":"2020-05-29T12:09:48","guid":{"rendered":"http:\/\/projekt.zlobek-starachowice.pl\/?page_id=13"},"modified":"2020-11-12T10:53:19","modified_gmt":"2020-11-12T09:53:19","slug":"opis-projektu","status":"publish","type":"page","link":"https:\/\/projekt.zlobek-starachowice.pl\/","title":{"rendered":"Opis projektu"},"content":{"rendered":"\n<p>Projekt &nbsp;<em><strong>Utworzenie dodatkowych miejsc opieki dla dzieci do lat 3 w prywatnym \u017c\u0142obku GUCIO <\/strong><\/em>onumerze RPSW.08.01.0126-0047\/19 jest wsp\u00f3\u0142finansowany ze \u015brodk\u00f3w Unii Europejskiej w ramach Europejskiego Funduszu Spo\u0142ecznego.<\/p>\n\n\n\n<p>Projekt realizowany jest ze \u015brodk\u00f3w Unii Europejskiej w ramach Regionalnego Programu Operacyjnego Wojew\u00f3dztwa \u015awi\u0119tokrzyskiego na lata 2014-2020 ze \u015brodk\u00f3w Europejskiego Funduszu Spo\u0142ecznego.<\/p>\n\n\n\n<p>O\u015b 8 \u2013 Rozw\u00f3j edukacji i aktywne spo\u0142ecze\u0144stwo w ramach Regionalnego Programu Operacyjnego Wojew\u00f3dztwa \u015awi\u0119tokrzyskiego na lata 2014-2020 dla Europejskiego Funduszu Spo\u0142ecznego<\/p>\n\n\n\n<p>Dzia\u0142anie: RPSW.08.01.00 R\u00f3wno\u015b\u0107 m\u0119\u017cczyzn i kobiet we wszystkich dziedzinach, w tym dost\u0119p do zatrudnienia, rozw\u00f3j kariery, godzenie \u017cycia zawodowego i prywatnego<\/p>\n\n\n\n<p>Poddzia\u0142anie 8.1.1 Zwi\u0119kszanie dost\u0119pu do opieki nad dzie\u0107mi do lat 3<br>Konkurs: RPSW.08.01.01-IZ.00-26-277\/19<\/p>\n\n\n\n<h1><strong><br>Cel projektu<\/strong> <strong>nr 1:<\/strong><\/h1>\n\n\n\n<p>Zwi\u0119kszenie dost\u0119pno\u015bci do miejsc opieki nad dzie\u0107mi do lat 3 poprzez utworzenie 30 nowych miejsc opieki nad dzie\u0107mi do lat 3 w istniej\u0105cym \u017c\u0142obku w Starachowicach<br>w okresie od 01.06.2020 r. do 31.05.2022 r.<\/p>\n\n\n\n<h2><strong><br>Efektem projektu b\u0119dzie:<\/strong><\/h2>\n\n\n\n<p>Liczba utworzonych miejsc opieki nad dzie\u0107mi w wieku do lat 3: 30<\/p>\n\n\n\n<p>Liczba podmiot\u00f3w wykorzystuj\u0105cych technologie informacyjno-komunikacyjne (szt.): 1<\/p>\n\n\n\n<h1><strong>Cel projektu<\/strong> <strong>nr 2:<\/strong><\/h1>\n\n\n\n<p>Celem projektu jest wzrost aktywno\u015bci zawodowej i zatrudnienia u 30 os\u00f3b (22K i 8M) sprawuj\u0105cych opiek\u0119 nad dzie\u0107mi do lat 3, kt\u00f3re powr\u00f3c\u0105 i\/lub wejd\u0105 na rynek pracy po przerwie zwi\u0105zanej z urodzeniem\/wychowaniem dziecka, co zostanie osi\u0105gni\u0119te dzi\u0119ki zwi\u0119kszeniu liczby miejsc w istniej\u0105cym \u017c\u0142obku w Starachowicach w okresie od 01.06.2020 r. 31.05.2022 r.<\/p>\n\n\n\n<h2><strong>Efektem projektu b\u0119dzie:<\/strong><\/h2>\n\n\n\n<p>Liczba os\u00f3b, kt\u00f3re powr\u00f3ci\u0142y na rynek pracy po przerwie zwi\u0105zanej z urodzeniem\/ wychowaniem dziecka lub utrzyma\u0142y zatrudnienie, po opuszczeniu programu: 28 (20K\/8M).<\/p>\n\n\n\n<p>Liczba os\u00f3b pozostaj\u0105cych bez pracy, kt\u00f3re znalaz\u0142y prac\u0119 lub poszukuj\u0105 pracy po opuszczeniu programu: 2 osoby (2K).<\/p>\n\n\n\n<p>Liczba os\u00f3b opiekuj\u0105cych si\u0119 dzie\u0107mi w wieku do lat 3 obj\u0119tych wsparciem w programie: 30 os\u00f3b (22K\/8M).<\/p>\n\n\n\n<p><strong>Warto\u015b\u0107 projektu<\/strong>: 708\u00a0937,50 z\u0142<\/p>\n\n\n\n<p>Wk\u0142ad Funduszy Europejskich (84,38%): 602\u00a0287,50 z\u0142<\/p>\n\n\n\n<h1><strong>Grupa docelowa:<\/strong><\/h1>\n\n\n\n<p>Projekt skierowany jest do 30 os\u00f3b (22K\/8M) zamieszkuj\u0105cych (zgodnie z Kodeksem Cywilnym), ucz\u0105cych si\u0119 lub pracuj\u0105cych na terenie gminy Starachowice.<\/p>\n\n\n\n<p>Grup\u0105 docelow\u0105 w projekcie b\u0119d\u0105:<\/p>\n\n\n\n<ul><li>osoby bezrobotne lub osoby bierne zawodowo pozostaj\u0105ce poza rynkiem pracy ze wzgl\u0119du na obowi\u0105zek opieki nad dzie\u0107mi do lat 3 lub os. z niepe\u0142nosprawno\u015bciami, w tym do os\u00f3b, kt\u00f3re przerwa\u0142y karier\u0119 zawodow\u0105 ze wzgl\u0119du na urodzenie dziecka lub przebywaj\u0105ce na urlopie wychowawczym w rozumieniu ustawy z dn. 26.06.1974 Kodeks pracy<\/li><\/ul>\n\n\n\n<ul><li>osoby pracuj\u0105ce, sprawuj\u0105ce opiek\u0119 nad dzie\u0107mi do lat 3.<\/li><\/ul>\n\n\n\n<p>Min. 30% GD stanowi\u0107 b\u0119d\u0105 \u0142\u0105cznie:<\/p>\n\n\n\n<ul><li>os. samotnie wychowuj\u0105ce dziecko\/ci powracaj\u0105ce\/lub wchodz\u0105ce na rynek pracy po przerwie zwi\u0105zanej z urodzeniem\/lub wychowaniem dziecka\/ci<\/li><\/ul>\n\n\n\n<p>i\/lub<\/p>\n\n\n\n<ul><li>rodziny wielodzietne, w kt\u00f3rych co najmniej jedno z rodzic powraca lub wchodzi na rynek pracy po przerwie zwi\u0105zanej z urodzeniem i\/lub wychowaniem dziecka\/ci.<\/li><\/ul>\n\n\n\n<p><\/p>\n","protected":false},"excerpt":{"rendered":"<p>Projekt &nbsp;Utworzenie dodatkowych miejsc opieki dla dzieci do lat 3 w prywatnym \u017c\u0142obku GUCIO onumerze RPSW.08.01.0126-0047\/19 jest wsp\u00f3\u0142finansowany ze \u015brodk\u00f3w Unii Europejskiej w ramach Europejskiego Funduszu Spo\u0142ecznego. Projekt realizowany jest ze \u015brodk\u00f3w Unii Europejskiej w ramach Regionalnego Programu Operacyjnego Wojew\u00f3dztwa &hellip; <a href=\"https:\/\/projekt.zlobek-starachowice.pl\/\">Continue reading <span class=\"meta-nav\">&rarr;<\/span><\/a><\/p>\n","protected":false},"author":1,"featured_media":0,"parent":0,"menu_order":0,"comment_status":"closed","ping_status":"closed","template":"","meta":[],"yoast_head":"<!-- This site is optimized with the Yoast SEO plugin v14.3 - https:\/\/yoast.com\/wordpress\/plugins\/seo\/ -->\n<meta name=\"robots\" content=\"index, follow\" \/>\n<meta name=\"googlebot\" content=\"index, follow, max-snippet:-1, max-image-preview:large, max-video-preview:-1\" \/>\n<meta name=\"bingbot\" content=\"index, follow, max-snippet:-1, max-image-preview:large, max-video-preview:-1\" \/>\n<link rel=\"canonical\" href=\"https:\/\/projekt.zlobek-starachowice.pl\/\" \/>\n<meta property=\"og:locale\" content=\"en_US\" \/>\n<meta property=\"og:type\" content=\"article\" \/>\n<meta property=\"og:title\" content=\"Opis projektu - Prywatny \u017c\u0142obek Gucio\" \/>\n<meta property=\"og:description\" content=\"Projekt &nbsp;Utworzenie dodatkowych miejsc opieki dla dzieci do lat 3 w prywatnym \u017c\u0142obku GUCIO onumerze RPSW.08.01.0126-0047\/19 jest wsp\u00f3\u0142finansowany ze \u015brodk\u00f3w Unii Europejskiej w ramach Europejskiego Funduszu Spo\u0142ecznego. Projekt realizowany jest ze \u015brodk\u00f3w Unii Europejskiej w ramach Regionalnego Programu Operacyjnego Wojew\u00f3dztwa &hellip; Continue reading &rarr;\" \/>\n<meta property=\"og:url\" content=\"https:\/\/projekt.zlobek-starachowice.pl\/\" \/>\n<meta property=\"og:site_name\" content=\"Prywatny \u017c\u0142obek Gucio\" \/>\n<meta property=\"article:modified_time\" content=\"2020-11-12T09:53:19+00:00\" \/>\n<meta name=\"twitter:card\" content=\"summary_large_image\" \/>\n<script type=\"application\/ld+json\" class=\"yoast-schema-graph\">{\"@context\":\"https:\/\/schema.org\",\"@graph\":[{\"@type\":\"WebSite\",\"@id\":\"https:\/\/projekt.zlobek-starachowice.pl\/#website\",\"url\":\"https:\/\/projekt.zlobek-starachowice.pl\/\",\"name\":\"Prywatny \\u017c\\u0142obek Gucio\",\"description\":\"Prywatny \\u017c\\u0142obek Gucio\",\"potentialAction\":[{\"@type\":\"SearchAction\",\"target\":\"https:\/\/projekt.zlobek-starachowice.pl\/?s={search_term_string}\",\"query-input\":\"required name=search_term_string\"}],\"inLanguage\":\"en-US\"},{\"@type\":\"WebPage\",\"@id\":\"https:\/\/projekt.zlobek-starachowice.pl\/#webpage\",\"url\":\"https:\/\/projekt.zlobek-starachowice.pl\/\",\"name\":\"Opis projektu - Prywatny \\u017c\\u0142obek Gucio\",\"isPartOf\":{\"@id\":\"https:\/\/projekt.zlobek-starachowice.pl\/#website\"},\"datePublished\":\"2020-05-29T12:09:48+00:00\",\"dateModified\":\"2020-11-12T09:53:19+00:00\",\"inLanguage\":\"en-US\",\"potentialAction\":[{\"@type\":\"ReadAction\",\"target\":[\"https:\/\/projekt.zlobek-starachowice.pl\/\"]}]}]}<\/script>\n<!-- \/ Yoast SEO plugin. -->","_links":{"self":[{"href":"https:\/\/projekt.zlobek-starachowice.pl\/index.php?rest_route=\/wp\/v2\/pages\/13"}],"collection":[{"href":"https:\/\/projekt.zlobek-starachowice.pl\/index.php?rest_route=\/wp\/v2\/pages"}],"about":[{"href":"https:\/\/projekt.zlobek-starachowice.pl\/index.php?rest_route=\/wp\/v2\/types\/page"}],"author":[{"embeddable":true,"href":"https:\/\/projekt.zlobek-starachowice.pl\/index.php?rest_route=\/wp\/v2\/users\/1"}],"replies":[{"embeddable":true,"href":"https:\/\/projekt.zlobek-starachowice.pl\/index.php?rest_route=%2Fwp%2Fv2%2Fcomments&post=13"}],"version-history":[{"count":6,"href":"https:\/\/projekt.zlobek-starachowice.pl\/index.php?rest_route=\/wp\/v2\/pages\/13\/revisions"}],"predecessor-version":[{"id":90,"href":"https:\/\/projekt.zlobek-starachowice.pl\/index.php?rest_route=\/wp\/v2\/pages\/13\/revisions\/90"}],"wp:attachment":[{"href":"https:\/\/projekt.zlobek-starachowice.pl\/index.php?rest_route=%2Fwp%2Fv2%2Fmedia&parent=13"}],"curies":[{"name":"wp","href":"https:\/\/api.w.org\/{rel}","templated":true}]}}